{"id":3153,"date":"2023-09-12T05:15:46","date_gmt":"2023-09-12T05:15:46","guid":{"rendered":"https:\/\/www.spainworkers.com\/?page_id=3153"},"modified":"2023-09-13T07:09:05","modified_gmt":"2023-09-13T07:09:05","slug":"terminos-y-condiciones-generales","status":"publish","type":"page","link":"https:\/\/www.spainworkers.com\/es\/terminos-y-condiciones-generales\/","title":{"rendered":"T\u00e9rminos y Condiciones Generales (TCG)"},"content":{"rendered":"<section data-bb-version=\"4.6.1\" id=\"bt_bb_section69deb7904aef9\" class=\"bt_bb_section bt_bb_layout_boxed_1200 bt_bb_vertical_align_top bt_bb_top_spacing_extra_large bt_bb_bottom_spacing_extra_large\"  data-bt-override-class=\"{&quot;bt_bb_top_spacing_&quot;:{&quot;current_class&quot;:&quot;bt_bb_top_spacing_extra_large&quot;,&quot;xxl&quot;:&quot;extra_large&quot;},&quot;bt_bb_bottom_spacing_&quot;:{&quot;current_class&quot;:&quot;bt_bb_bottom_spacing_extra_large&quot;,&quot;xxl&quot;:&quot;extra_large&quot;}}\"><div class=\"bt_bb_port\"><div class=\"bt_bb_cell\"><div class=\"bt_bb_cell_inner\"><div class=\"bt_bb_row \"  data-bt-override-class=\"{}\"><div class=\"bt_bb_row_holder\" ><div data-bb-version=\"4.6.1\"  class=\"bt_bb_column col-xl-12 col-xs-12 col-sm-12 col-md-12 col-lg-12 bt_bb_align_left bt_bb_vertical_align_top bt_bb_padding_normal\"  data-width=\"12\" data-bt-override-class=\"{}\"><div class=\"bt_bb_column_content\"><div data-bb-version=\"4.6.1\"  class=\"bt_bb_text\" ><\/p>\n<h2>T\u00e9rminos y Condiciones Generales (TCG)<\/h2>\n<p><strong>Condiciones Generales de Contrataci\u00f3n de \u00abspainworkers\u00bb para Asesor\u00eda a Emigrantes que Desean Establecerse como Aut\u00f3nomos en Espa\u00f1a<\/strong><\/p>\n<p><strong>1. Objeto del Contrato<\/strong><\/p>\n<p>El presente contrato tiene por objeto la prestaci\u00f3n de servicios de asesor\u00eda y consultor\u00eda a emigrantes interesados en establecerse como trabajadores aut\u00f3nomos en Espa\u00f1a.<\/p>\n<p><strong>2. \u00c1mbito de Actuaci\u00f3n<\/strong><\/p>\n<p>\u00abspainworkers\u00bb se compromete a brindar asesoramiento en materia legal, fiscal y administrativa para facilitar el proceso de establecimiento como trabajador aut\u00f3nomo en territorio espa\u00f1ol.<\/p>\n<p><strong>3. Obligaciones del Cliente<\/strong><\/p>\n<p>El Cliente se compromete a proporcionar informaci\u00f3n precisa y completa sobre su situaci\u00f3n personal, legal y financiera. Asimismo, se compromete a seguir las recomendaciones y directrices proporcionadas por \u00abspainworkers\u00bb para llevar a cabo el proceso de establecimiento de forma correcta y legal.<\/p>\n<p><strong>4. Responsabilidad de \u00abspainworkers\u00bb<\/strong><\/p>\n<p>\u00abspainworkers\u00bb asume la responsabilidad de proporcionar informaci\u00f3n precisa y actualizada, as\u00ed como de orientar al Cliente en el cumplimiento de los requisitos legales y fiscales necesarios para establecerse como aut\u00f3nomo en Espa\u00f1a. No obstante, no se hace responsable de posibles cambios en la legislaci\u00f3n que puedan afectar la situaci\u00f3n del Cliente.<\/p>\n<p><strong>5. Honorarios y Forma de Pago<\/strong><\/p>\n<p>Los honorarios por los servicios de asesor\u00eda ser\u00e1n acordados en un contrato por separado. El Cliente se compromete a efectuar el pago en las condiciones y plazos acordados.<\/p>\n<p><strong>6. Duraci\u00f3n del Contrato<\/strong><\/p>\n<p>El contrato tendr\u00e1 una duraci\u00f3n determinada y espec\u00edfica, la cual ser\u00e1 acordada entre las partes.<\/p>\n<p><strong>7. Confidencialidad<\/strong><\/p>\n<p>\u00abspainworkers\u00bb se compromete a tratar toda la informaci\u00f3n proporcionada por el Cliente de manera confidencial y a no divulgarla a terceros sin el consentimiento expreso del Cliente, salvo en los casos en que la legislaci\u00f3n as\u00ed lo requiera.<\/p>\n<p><strong>8. Resoluci\u00f3n del Contrato<\/strong><\/p>\n<p>Cualquiera de las partes podr\u00e1 dar por terminado el contrato en caso de incumplimiento grave por parte de la otra parte. En caso de resoluci\u00f3n, se acordar\u00e1n las condiciones y plazos para la finalizaci\u00f3n de los servicios.<\/p>\n<p><strong>9. Ley Aplicable y Jurisdicci\u00f3n<\/strong><\/p>\n<p>El presente contrato se regir\u00e1 por la legislaci\u00f3n espa\u00f1ola y cualquier controversia que surja en relaci\u00f3n con el mismo ser\u00e1 sometida a los tribunales de [Lugar de jurisdicci\u00f3n].<\/p>\n<p>Estas Condiciones Generales de Contrataci\u00f3n son v\u00e1lidas a partir del [Fecha] y podr\u00e1n ser modificadas por \u00abspainworkers\u00bb en cualquier momento. El Cliente ser\u00e1 notificado por escrito de cualquier cambio. Se aplicar\u00e1 la versi\u00f3n de las CGC en vigor en el momento de la celebraci\u00f3n del contrato.<\/p>\n<p><strong>valideron S.L<\/strong>.<br \/>\nE-Mail: info@spainworkers.com<br \/>\nTel\u00e9fono: +34 652 527 033<br \/>\nFecha: 11.09.2023<\/p>\n<p>\n<\/div><\/div><\/div><\/div><\/div><\/div><!-- cell_inner --><\/div><!-- cell --><\/div><!-- port --><\/section>\n","protected":false},"excerpt":{"rendered":"","protected":false},"author":1,"featured_media":0,"parent":0,"menu_order":0,"comment_status":"closed","ping_status":"open","template":"","meta":{"inline_featured_image":false,"footnotes":""},"class_list":["post-3153","page","type-page","status-publish","hentry"],"yoast_head":"<!-- This site is optimized with the Yoast SEO plugin v25.2 - https:\/\/yoast.com\/wordpress\/plugins\/seo\/ -->\n<title>T\u00e9rminos y Condiciones Generales (TCG) - spanieninvest<\/title>\n<meta name=\"robots\" content=\"index, follow, max-snippet:-1, max-image-preview:large, max-video-preview:-1\" \/>\n<link rel=\"canonical\" href=\"https:\/\/www.spainworkers.com\/es\/terminos-y-condiciones-generales\/\" \/>\n<meta property=\"og:locale\" content=\"es_ES\" \/>\n<meta property=\"og:type\" content=\"article\" \/>\n<meta property=\"og:title\" content=\"T\u00e9rminos y Condiciones Generales (TCG) - spanieninvest\" \/>\n<meta property=\"og:url\" content=\"https:\/\/www.spainworkers.com\/es\/terminos-y-condiciones-generales\/\" \/>\n<meta property=\"og:site_name\" content=\"spanieninvest\" \/>\n<meta property=\"article:modified_time\" content=\"2023-09-13T07:09:05+00:00\" \/>\n<meta name=\"twitter:card\" content=\"summary_large_image\" \/>\n<meta name=\"twitter:label1\" content=\"Tiempo de lectura\" \/>\n\t<meta name=\"twitter:data1\" content=\"16 minutos\" \/>\n<script type=\"application\/ld+json\" class=\"yoast-schema-graph\">{\"@context\":\"https:\/\/schema.org\",\"@graph\":[{\"@type\":\"WebPage\",\"@id\":\"https:\/\/www.spainworkers.com\/es\/terminos-y-condiciones-generales\/\",\"url\":\"https:\/\/www.spainworkers.com\/es\/terminos-y-condiciones-generales\/\",\"name\":\"T\u00e9rminos y Condiciones Generales (TCG) - spanieninvest\",\"isPartOf\":{\"@id\":\"https:\/\/www.spainworkers.com\/#website\"},\"datePublished\":\"2023-09-12T05:15:46+00:00\",\"dateModified\":\"2023-09-13T07:09:05+00:00\",\"breadcrumb\":{\"@id\":\"https:\/\/www.spainworkers.com\/es\/terminos-y-condiciones-generales\/#breadcrumb\"},\"inLanguage\":\"es\",\"potentialAction\":[{\"@type\":\"ReadAction\",\"target\":[\"https:\/\/www.spainworkers.com\/es\/terminos-y-condiciones-generales\/\"]}]},{\"@type\":\"BreadcrumbList\",\"@id\":\"https:\/\/www.spainworkers.com\/es\/terminos-y-condiciones-generales\/#breadcrumb\",\"itemListElement\":[{\"@type\":\"ListItem\",\"position\":1,\"name\":\"Startseite\",\"item\":\"https:\/\/www.spainworkers.com\/es\/\"},{\"@type\":\"ListItem\",\"position\":2,\"name\":\"T\u00e9rminos y Condiciones Generales (TCG)\"}]},{\"@type\":\"WebSite\",\"@id\":\"https:\/\/www.spainworkers.com\/#website\",\"url\":\"https:\/\/www.spainworkers.com\/\",\"name\":\"spanieninvest\",\"description\":\"\",\"potentialAction\":[{\"@type\":\"SearchAction\",\"target\":{\"@type\":\"EntryPoint\",\"urlTemplate\":\"https:\/\/www.spainworkers.com\/?s={search_term_string}\"},\"query-input\":{\"@type\":\"PropertyValueSpecification\",\"valueRequired\":true,\"valueName\":\"search_term_string\"}}],\"inLanguage\":\"es\"}]}<\/script>\n<!-- \/ Yoast SEO plugin. -->","yoast_head_json":{"title":"T\u00e9rminos y Condiciones Generales (TCG) - spanieninvest","robots":{"index":"index","follow":"follow","max-snippet":"max-snippet:-1","max-image-preview":"max-image-preview:large","max-video-preview":"max-video-preview:-1"},"canonical":"https:\/\/www.spainworkers.com\/es\/terminos-y-condiciones-generales\/","og_locale":"es_ES","og_type":"article","og_title":"T\u00e9rminos y Condiciones Generales (TCG) - spanieninvest","og_url":"https:\/\/www.spainworkers.com\/es\/terminos-y-condiciones-generales\/","og_site_name":"spanieninvest","article_modified_time":"2023-09-13T07:09:05+00:00","twitter_card":"summary_large_image","twitter_misc":{"Tiempo de lectura":"16 minutos"},"schema":{"@context":"https:\/\/schema.org","@graph":[{"@type":"WebPage","@id":"https:\/\/www.spainworkers.com\/es\/terminos-y-condiciones-generales\/","url":"https:\/\/www.spainworkers.com\/es\/terminos-y-condiciones-generales\/","name":"T\u00e9rminos y Condiciones Generales (TCG) - spanieninvest","isPartOf":{"@id":"https:\/\/www.spainworkers.com\/#website"},"datePublished":"2023-09-12T05:15:46+00:00","dateModified":"2023-09-13T07:09:05+00:00","breadcrumb":{"@id":"https:\/\/www.spainworkers.com\/es\/terminos-y-condiciones-generales\/#breadcrumb"},"inLanguage":"es","potentialAction":[{"@type":"ReadAction","target":["https:\/\/www.spainworkers.com\/es\/terminos-y-condiciones-generales\/"]}]},{"@type":"BreadcrumbList","@id":"https:\/\/www.spainworkers.com\/es\/terminos-y-condiciones-generales\/#breadcrumb","itemListElement":[{"@type":"ListItem","position":1,"name":"Startseite","item":"https:\/\/www.spainworkers.com\/es\/"},{"@type":"ListItem","position":2,"name":"T\u00e9rminos y Condiciones Generales (TCG)"}]},{"@type":"WebSite","@id":"https:\/\/www.spainworkers.com\/#website","url":"https:\/\/www.spainworkers.com\/","name":"spanieninvest","description":"","potentialAction":[{"@type":"SearchAction","target":{"@type":"EntryPoint","urlTemplate":"https:\/\/www.spainworkers.com\/?s={search_term_string}"},"query-input":{"@type":"PropertyValueSpecification","valueRequired":true,"valueName":"search_term_string"}}],"inLanguage":"es"}]}},"_links":{"self":[{"href":"https:\/\/www.spainworkers.com\/es\/wp-json\/wp\/v2\/pages\/3153","targetHints":{"allow":["GET"]}}],"collection":[{"href":"https:\/\/www.spainworkers.com\/es\/wp-json\/wp\/v2\/pages"}],"about":[{"href":"https:\/\/www.spainworkers.com\/es\/wp-json\/wp\/v2\/types\/page"}],"author":[{"embeddable":true,"href":"https:\/\/www.spainworkers.com\/es\/wp-json\/wp\/v2\/users\/1"}],"replies":[{"embeddable":true,"href":"https:\/\/www.spainworkers.com\/es\/wp-json\/wp\/v2\/comments?post=3153"}],"version-history":[{"count":3,"href":"https:\/\/www.spainworkers.com\/es\/wp-json\/wp\/v2\/pages\/3153\/revisions"}],"predecessor-version":[{"id":3166,"href":"https:\/\/www.spainworkers.com\/es\/wp-json\/wp\/v2\/pages\/3153\/revisions\/3166"}],"wp:attachment":[{"href":"https:\/\/www.spainworkers.com\/es\/wp-json\/wp\/v2\/media?parent=3153"}],"curies":[{"name":"wp","href":"https:\/\/api.w.org\/{rel}","templated":true}]}}