{"id":4882,"date":"2023-09-21T16:17:35","date_gmt":"2023-09-21T16:17:35","guid":{"rendered":"https:\/\/www.spainworkers.com\/gruendungspakete\/"},"modified":"2023-10-06T05:13:57","modified_gmt":"2023-10-06T05:13:57","slug":"paquetes-de-asesoramiento-y-creacion-de-empresas","status":"publish","type":"page","link":"https:\/\/www.spainworkers.com\/es\/paquetes-de-asesoramiento-y-creacion-de-empresas\/","title":{"rendered":"Paquetes de Asesoramiento y Creaci\u00f3n de Empresas"},"content":{"rendered":"<p><section data-bb-version=\"4.6.1\" id=\"bt_bb_section69dfb9bbdfed3\" class=\"bt_bb_section bt_bb_layout_boxed_1200 bt_bb_vertical_align_top bt_bb_top_spacing_extra_large bt_bb_bottom_spacing_none\" style=\"background-position:center;background-size:contain;\" data-bt-override-class=\"{&quot;bt_bb_top_spacing_&quot;:{&quot;current_class&quot;:&quot;bt_bb_top_spacing_extra_large&quot;,&quot;xxl&quot;:&quot;extra_large&quot;},&quot;bt_bb_bottom_spacing_&quot;:{&quot;current_class&quot;:&quot;bt_bb_bottom_spacing_none&quot;,&quot;xxl&quot;:&quot;none&quot;}}\"><div class=\"bt_bb_background_image_holder_wrapper\"><div class=\"bt_bb_background_image_holder btLazyLoadBackground\"  data-background_image_src=\"https:\/\/www.spainworkers.com\/wp-content\/uploads\/2019\/04\/bgn-lines.png\" data-parallax-zoom-start=\"1\" data-parallax-zoom-end=\"1\" data-parallax-blur-start=\"0\" data-parallax-blur-end=\"0\" data-parallax-opacity-start=\"1\" data-parallax-opacity-end=\"1\" style=\" background-image: url(&#039;https:\/\/www.spainworkers.com\/wp-content\/plugins\/bold-page-builder\/img\/blank.gif&#039;);\"><\/div><\/div><div class=\"bt_bb_port\"><div class=\"bt_bb_cell\"><div class=\"bt_bb_cell_inner\"><div class=\"bt_bb_row \"  data-bt-override-class=\"{}\"><div class=\"bt_bb_row_holder\" ><div  class=\"bt_bb_column col-xl-12 col-xs-12 col-sm-12 col-md-12 col-lg-12 bt_bb_align_left bt_bb_vertical_align_top bt_bb_animation_fade_in move_up animate bt_bb_padding_normal\"  data-width=\"12\" data-bt-override-class=\"{}\"><div class=\"bt_bb_column_content\"><header data-bb-version=\"4.6.1\" class=\"bt_bb_headline bt_bb_subheadline_text_transform_default bt_bb_dash_none bt_bb_superheadline bt_bb_superheadline_outside bt_bb_subheadline bt_bb_size_large bt_bb_align_inherit\" data-bt-override-class=\"{&quot;bt_bb_size_&quot;:{&quot;current_class&quot;:&quot;bt_bb_size_large&quot;,&quot;xxl&quot;:&quot;large&quot;},&quot;bt_bb_align_&quot;:{&quot;current_class&quot;:&quot;bt_bb_align_inherit&quot;,&quot;xxl&quot;:&quot;inherit&quot;,&quot;md&quot;:&quot;center&quot;,&quot;sm&quot;:&quot;center&quot;,&quot;xs&quot;:&quot;center&quot;}}\"><div class=\"bt_bb_headline_superheadline_outside\"><span class=\"bt_bb_headline_superheadline\">INDEPENDIZARSE EN ESPA\u00d1A<\/span><\/div><h2 class=\"bt_bb_headline_tag\"><span class=\"bt_bb_headline_content\"><span><b>Asesoramiento y Apoyo<\/b><br \/><br \/>\n<u>Paquetes Personalizados<\/u><\/span><\/span><\/h2><div class=\"bt_bb_headline_subheadline\">Descubra nuestros paquetes de asesoramiento a medida para expatriados y emprendedores en la Costa Blanca.<\/div><\/header><div class=\"bt_bb_separator bt_bb_border_style_none bt_bb_bottom_spacing_medium\" data-bt-override-class=\"null\"><\/div><\/div><\/div><\/div><\/div><div class=\"bt_bb_row  bt_bb_column_gap_15\" style=\"; --column-gap:15px;\" data-bt-override-class=\"{}\"><div class=\"bt_bb_row_holder\" ><div  class=\"bt_bb_column col-xl-4 bt_bb_align_left bt_bb_vertical_align_top bt_bb_animation_fade_in move_up animate bt_bb_padding_normal\"  data-width=\"4\" data-bt-override-class=\"{}\"><div class=\"bt_bb_column_content\"><div data-bb-version=\"4.6.1\" class=\"bt_bb_price_list bt_bb_color_scheme_9\" style=\";background-color:#f1f1f2;; --price-list-primary-color:#191919; --price-list-secondary-color:#323743;\"><div class=\"bt_bb_icon bt_bb_style_filled bt_bb_size_large bt_bb_shape_circle\" data-bt-override-class=\"null\"><span  data-ico-teamwork=\"&#xe923;\" class=\"bt_bb_icon_holder\"><\/span><\/div><div class=\"bt_bb_price_list_title_subtitle_price\"><div class=\"bt_bb_price_list_title_wrap\"><div class=\"bt_bb_price_list_price\"><span class=\"bt_bb_price_list_currency\">\u20ac<\/span><span class=\"bt_bb_price_list_amount\">2399<\/span><\/div><div class=\"bt_bb_price_list_title_subtitle\"><div class=\"bt_bb_price_list_subtitle\">STARTER PACKAGE<\/div><div class=\"bt_bb_price_list_title\">Basic HR Reach<\/div><\/div><\/div><\/div><ul><li>Optimizing current employees<br \/><\/li><li>Searching for new employees<br \/><\/li><li>Optimizing processes<br \/><\/li><li>Assigning roles<br \/><\/li><li>Company recommendations<\/li><\/ul><\/div><div class=\"bt_bb_separator bt_bb_border_style_none bt_bb_top_spacing_extra_small bt_bb_bottom_spacing_small\" data-bt-override-class=\"null\"><\/div><div class=\" bt_bb_row_inner\"   data-bt-override-class=\"{}\"><div class=\"bt_bb_row_inner_holder\"  ><div  class=\"bt_bb_column_inner col-xl-12 bt_bb_align_center bt_bb_vertical_align_top bt_bb_padding_normal\"  data-width=\"12\" data-bt-override-class=\"{}\"><div class=\"bt_bb_column_inner_content\"><div data-bb-version=\"4.6.1\" class=\"bt_bb_button bt_bb_color_scheme_11 bt_bb_icon_position_right bt_bb_style_filled bt_bb_size_normal bt_bb_width_inline bt_bb_shape_inherit bt_bb_target_self bt_bb_text_transform_inherit bt_bb_align_inherit\" style=\"; --primary-color:#ffffff; --secondary-color:#323743;\" data-bt-override-class=\"{&quot;bt_bb_size_&quot;:{&quot;current_class&quot;:&quot;bt_bb_size_normal&quot;,&quot;xxl&quot;:&quot;normal&quot;},&quot;bt_bb_align_&quot;:{&quot;current_class&quot;:&quot;bt_bb_align_inherit&quot;,&quot;xxl&quot;:&quot;inherit&quot;}}\"><a href=\"https:\/\/www.spainworkers.com\/es\/contactenos\/\" target=\"_self\" class=\"bt_bb_link\" title=\"\u00a1INFORMATE AHORA!\"><span class=\"bt_bb_button_text\" >\u00a1INFORMATE AHORA!<\/span><\/a><\/div><\/div><\/div><\/div><\/div><div class=\"bt_bb_separator bt_bb_border_style_none bt_bb_bottom_spacing_normal bt_bb_hidden_md bt_bb_hidden_lg\" data-bt-override-class=\"null\"><\/div><\/div><\/div><div  class=\"bt_bb_column col-xl-4 bt_bb_align_left bt_bb_vertical_align_top bt_bb_animation_fade_in move_up animate bt_bb_padding_normal\"  data-width=\"4\" data-bt-override-class=\"{}\"><div class=\"bt_bb_column_content\"><div data-bb-version=\"4.6.1\" class=\"bt_bb_price_list bt_bb_color_scheme_5\" style=\"box-shadow: 0 2px 20px rgba(0,0,0,.2);;background-color:#ffffff;; --price-list-primary-color:#191919; --price-list-secondary-color:#b73235;\"><div class=\"bt_bb_icon bt_bb_style_filled bt_bb_size_large bt_bb_shape_circle\" data-bt-override-class=\"null\"><span  data-ico-teamwork=\"&#xe93b;\" class=\"bt_bb_icon_holder\"><\/span><\/div><div class=\"bt_bb_price_list_title_subtitle_price\"><div class=\"bt_bb_price_list_title_wrap\"><div class=\"bt_bb_price_list_price\"><span class=\"bt_bb_price_list_currency\">\u20ac<\/span><span class=\"bt_bb_price_list_amount\">3299<\/span><\/div><div class=\"bt_bb_price_list_title_subtitle\"><div class=\"bt_bb_price_list_subtitle\">UPGRADED PACKAGE<\/div><div class=\"bt_bb_price_list_title\">Advanced HR Reach<\/div><\/div><\/div><\/div><ul><li>Rearranging current employees<br \/><\/li><li>Searching for new employees<br \/><\/li><li>Reccommending processes<br \/><\/li><li>Assigning roles<br \/><\/li><li>Company recommendations<\/li><\/ul><\/div><div class=\"bt_bb_separator bt_bb_border_style_none bt_bb_top_spacing_extra_small bt_bb_bottom_spacing_small\" data-bt-override-class=\"null\"><\/div><div class=\" bt_bb_row_inner\"   data-bt-override-class=\"{}\"><div class=\"bt_bb_row_inner_holder\"  ><div  class=\"bt_bb_column_inner col-xl-12 bt_bb_align_center bt_bb_vertical_align_top bt_bb_padding_normal\"  data-width=\"12\" data-bt-override-class=\"{}\"><div class=\"bt_bb_column_inner_content\"><div data-bb-version=\"4.6.1\" class=\"bt_bb_button bt_bb_color_scheme_6 bt_bb_icon_position_right bt_bb_style_filled bt_bb_size_normal bt_bb_width_inline bt_bb_shape_inherit bt_bb_target_self bt_bb_text_transform_inherit bt_bb_align_inherit\" style=\"; --primary-color:#ffffff; --secondary-color:#b73235;\" data-bt-override-class=\"{&quot;bt_bb_size_&quot;:{&quot;current_class&quot;:&quot;bt_bb_size_normal&quot;,&quot;xxl&quot;:&quot;normal&quot;},&quot;bt_bb_align_&quot;:{&quot;current_class&quot;:&quot;bt_bb_align_inherit&quot;,&quot;xxl&quot;:&quot;inherit&quot;}}\"><a href=\"https:\/\/www.spainworkers.com\/es\/contactenos\/\" target=\"_self\" class=\"bt_bb_link\" title=\"\u00a1INFORMATE AHORA!\"><span class=\"bt_bb_button_text\" >\u00a1INFORMATE AHORA!<\/span><\/a><\/div><\/div><\/div><\/div><\/div><div class=\"bt_bb_separator bt_bb_border_style_none bt_bb_bottom_spacing_small bt_bb_hidden_md bt_bb_hidden_lg\" data-bt-override-class=\"null\"><\/div><\/div><\/div><div  class=\"bt_bb_column col-xl-4 bt_bb_align_left bt_bb_vertical_align_top bt_bb_animation_fade_in move_up animate bt_bb_padding_normal\"  data-width=\"4\" data-bt-override-class=\"{}\"><div class=\"bt_bb_column_content\"><div data-bb-version=\"4.6.1\" class=\"bt_bb_price_list bt_bb_color_scheme_9\" style=\";background-color:#f1f1f2;; --price-list-primary-color:#191919; --price-list-secondary-color:#323743;\"><div class=\"bt_bb_icon bt_bb_style_filled bt_bb_size_large bt_bb_shape_circle\" data-bt-override-class=\"null\"><span  data-ico-teamwork=\"&#xe922;\" class=\"bt_bb_icon_holder\"><\/span><\/div><div class=\"bt_bb_price_list_title_subtitle_price\"><div class=\"bt_bb_price_list_title_wrap\"><div class=\"bt_bb_price_list_price\"><span class=\"bt_bb_price_list_currency\">\u20ac<\/span><span class=\"bt_bb_price_list_amount\">4999<\/span><\/div><div class=\"bt_bb_price_list_title_subtitle\"><div class=\"bt_bb_price_list_subtitle\">FULL PACKAGE<\/div><div class=\"bt_bb_price_list_title\">Full HR Excellence<\/div><\/div><\/div><\/div><ul><li>Rearranging all employees<br \/><\/li><li>Finding new employees<br \/><\/li><li>Optimizing processes<br \/><\/li><li>Assigning roles &amp; salaries<br \/><\/li><li>Company reach<\/li><\/ul><\/div><div class=\"bt_bb_separator bt_bb_border_style_none bt_bb_top_spacing_extra_small bt_bb_bottom_spacing_small\" data-bt-override-class=\"null\"><\/div><div class=\" bt_bb_row_inner\"   data-bt-override-class=\"{}\"><div class=\"bt_bb_row_inner_holder\"  ><div  class=\"bt_bb_column_inner col-xl-12 bt_bb_align_center bt_bb_vertical_align_top bt_bb_padding_normal\"  data-width=\"12\" data-bt-override-class=\"{}\"><div class=\"bt_bb_column_inner_content\"><div data-bb-version=\"4.6.1\" class=\"bt_bb_button bt_bb_color_scheme_11 bt_bb_icon_position_right bt_bb_style_filled bt_bb_size_normal bt_bb_width_inline bt_bb_shape_inherit bt_bb_target_self bt_bb_text_transform_inherit bt_bb_align_inherit\" style=\"; --primary-color:#ffffff; --secondary-color:#323743;\" data-bt-override-class=\"{&quot;bt_bb_size_&quot;:{&quot;current_class&quot;:&quot;bt_bb_size_normal&quot;,&quot;xxl&quot;:&quot;normal&quot;},&quot;bt_bb_align_&quot;:{&quot;current_class&quot;:&quot;bt_bb_align_inherit&quot;,&quot;xxl&quot;:&quot;inherit&quot;}}\"><a href=\"https:\/\/www.spainworkers.com\/es\/contactenos\/\" target=\"_self\" class=\"bt_bb_link\" title=\"\u00a1INFORMATE AHORA!\"><span class=\"bt_bb_button_text\" >\u00a1INFORMATE AHORA!<\/span><\/a><\/div><\/div><\/div><\/div><\/div><\/div><\/div><\/div><\/div><\/div><!-- cell_inner --><\/div><!-- cell --><\/div><!-- port --><\/section><section data-bb-version=\"4.6.1\" id=\"bt_bb_section69dfb9bbe0e29\" class=\"bt_bb_section bt_bb_layout_boxed_1200 bt_bb_vertical_align_top bt_bb_top_spacing_large bt_bb_bottom_spacing_large\"  data-bt-override-class=\"{&quot;bt_bb_top_spacing_&quot;:{&quot;current_class&quot;:&quot;bt_bb_top_spacing_large&quot;,&quot;xxl&quot;:&quot;large&quot;},&quot;bt_bb_bottom_spacing_&quot;:{&quot;current_class&quot;:&quot;bt_bb_bottom_spacing_large&quot;,&quot;xxl&quot;:&quot;large&quot;}}\"><div class=\"bt_bb_port\"><div class=\"bt_bb_cell\"><div class=\"bt_bb_cell_inner\"><div class=\"bt_bb_row \"  data-bt-override-class=\"{}\"><div class=\"bt_bb_row_holder\" ><div  class=\"bt_bb_column col-xl-12 col-xs-12 col-sm-12 col-md-12 col-lg-12 bt_bb_align_left bt_bb_vertical_align_top bt_bb_animation_fade_in zoom_out animate bt_bb_padding_normal\"  data-width=\"12\" data-bt-override-class=\"{}\"><div class=\"bt_bb_column_content\"><header data-bb-version=\"4.6.1\" class=\"bt_bb_headline bt_bb_subheadline_text_transform_default bt_bb_dash_none bt_bb_superheadline bt_bb_superheadline_outside bt_bb_subheadline bt_bb_size_medium bt_bb_align_inherit\" data-bt-override-class=\"{&quot;bt_bb_size_&quot;:{&quot;current_class&quot;:&quot;bt_bb_size_medium&quot;,&quot;xxl&quot;:&quot;medium&quot;},&quot;bt_bb_align_&quot;:{&quot;current_class&quot;:&quot;bt_bb_align_inherit&quot;,&quot;xxl&quot;:&quot;inherit&quot;,&quot;md&quot;:&quot;center&quot;,&quot;sm&quot;:&quot;center&quot;,&quot;xs&quot;:&quot;center&quot;}}\"><div class=\"bt_bb_headline_superheadline_outside\"><span class=\"bt_bb_headline_superheadline\">EMIGRACI\u00d3N Y CREACI\u00d3N DE EMPRESAS EN LA COSTA BLANCA<\/span><\/div><h2 class=\"bt_bb_headline_tag\"><span class=\"bt_bb_headline_content\"><span><u>Estamos aqu\u00ed para ayudarte en esta<\/u><br \/><br \/>\n<b>emocionante aventura!<\/b><\/span><\/span><\/h2><div class=\"bt_bb_headline_subheadline\">Elige el apoyo que se adapte a ti y haz realidad tu sue\u00f1o en Espa\u00f1a. Flexible, personalizado y profesional: \u00a1cont\u00e1ctanos ahora!<\/div><\/header><div class=\"bt_bb_separator bt_bb_border_style_none bt_bb_bottom_spacing_normal\" data-bt-override-class=\"null\"><\/div><\/div><\/div><\/div><\/div><div class=\"bt_bb_row \"  data-bt-override-class=\"{}\"><div class=\"bt_bb_row_holder\" ><div data-bb-version=\"4.6.1\"  class=\"bt_bb_column col-xl-12 col-xs-12 col-sm-12 col-md-12 col-lg-12 bt_bb_align_center bt_bb_vertical_align_top bt_bb_animation_fade_in animate bt_bb_padding_normal\"  data-width=\"12\" data-bt-override-class=\"{&quot;bt_bb_align_&quot;:{&quot;current_class&quot;:&quot;bt_bb_align_center&quot;,&quot;xxl&quot;:&quot;center&quot;},&quot;bt_bb_padding_&quot;:{&quot;current_class&quot;:&quot;bt_bb_padding_normal&quot;,&quot;xxl&quot;:&quot;normal&quot;,&quot;xl&quot;:&quot;normal&quot;,&quot;lg&quot;:&quot;normal&quot;,&quot;md&quot;:&quot;double&quot;,&quot;sm&quot;:&quot;double&quot;,&quot;xs&quot;:&quot;double&quot;}}\"><div class=\"bt_bb_column_content\"><header data-bb-version=\"4.6.1\" class=\"bt_bb_headline bt_bb_subheadline_text_transform_default bt_bb_dash_bottom bt_bb_subheadline bt_bb_size_normal bt_bb_align_left\" data-bt-override-class=\"{&quot;bt_bb_size_&quot;:{&quot;current_class&quot;:&quot;bt_bb_size_normal&quot;,&quot;xxl&quot;:&quot;normal&quot;},&quot;bt_bb_align_&quot;:{&quot;current_class&quot;:&quot;bt_bb_align_left&quot;,&quot;xxl&quot;:&quot;left&quot;,&quot;xl&quot;:&quot;left&quot;,&quot;lg&quot;:&quot;left&quot;,&quot;md&quot;:&quot;center&quot;,&quot;sm&quot;:&quot;center&quot;,&quot;xs&quot;:&quot;center&quot;}}\"><h3 class=\"bt_bb_headline_tag\"><span class=\"bt_bb_headline_content\"><span><u>Paquetes de Asesoramiento Personalizados para sus Necesidades<\/u><\/span><\/span><\/h3><div class=\"bt_bb_headline_subheadline\">Nuestra agencia ofrece diversos paquetes de asesoramiento completamente adaptados a sus requisitos individuales. Entendemos que cada expatriado y emprendedor tiene demandas \u00fanicas.<\/p><br \/>\n<p><strong>Basados en Experiencias Exitosas<\/strong><\/p><br \/>\n<p>Nuestra experiencia nos ha mostrado lo que era relevante para nuestros clientes en el pasado y lo que no lo era. Aprovechamos este conocimiento para ofrecerle las mejores soluciones.<\/p><br \/>\n<p><strong> Elija su Paquete Adecuado<\/strong><\/p><br \/>\n<p>Con nosotros, tiene la libertad de seleccionar el paquete de asesoramiento que mejor se adapte a usted. Usted decide qu\u00e9 servicios desea reservar con nosotros.<\/p><br \/>\n<p><strong>La Flexibilidad es Nuestro Lema<\/strong><\/p><br \/>\n<p>Sus necesidades pueden cambiar, y entendemos eso. Por lo tanto, puede cambiar a otro paquete en cualquier momento si descubre que necesita apoyo adicional.<\/p><br \/>\n<p><strong> Apoyo Individual para Casos Especiales <\/strong><\/p><br \/>\n<p>A veces, una situaci\u00f3n requiere una soluci\u00f3n a medida. Para casos muy espec\u00edficos, calculamos el precio del apoyo de manera individual, seg\u00fan sus requisitos y la naturaleza del problema.<\/p><br \/>\n<p><strong>Cont\u00e1ctenos para obtener m\u00e1s informaci\u00f3n<\/strong><\/p><br \/>\n<p>Si desea obtener m\u00e1s informaci\u00f3n sobre nuestros paquetes de asesoramiento o tiene requisitos espec\u00edficos, no dude en ponerse en contacto con nosotros. Estamos a su disposici\u00f3n para responder a sus preguntas y discutir sus planes.<\/p><br \/>\n<p>Su sue\u00f1o de una nueva vida en la Costa Blanca est\u00e1 al alcance de la mano, y estamos aqu\u00ed para allanar el camino. \u00a1Juntos hagamos realidad su sue\u00f1o espa\u00f1ol!<\/div><\/header><div class=\"bt_bb_separator bt_bb_border_style_none bt_bb_bottom_spacing_normal bt_bb_hidden_md bt_bb_hidden_lg\" data-bt-override-class=\"null\"><\/div><\/div><\/div><\/div><\/div><\/div><!-- cell_inner --><\/div><!-- cell --><\/div><!-- port --><\/section><section id=\"bt_bb_section69dfb9bbe1316\" class=\"bt_bb_section bt_bb_layout_boxed_1200 bt_bb_vertical_align_top bt_bb_top_spacing_medium bt_bb_hidden_xs bt_bb_hidden_ms\"  data-bt-override-class=\"null\"><div class=\"bt_bb_port\"><div class=\"bt_bb_cell\"><div class=\"bt_bb_cell_inner\"><div class=\"bt_bb_row \"  data-bt-override-class=\"{}\"><div class=\"bt_bb_row_holder\" ><div  class=\"bt_bb_column col-xl-12 bt_bb_align_left bt_bb_vertical_align_top bt_bb_padding_normal\"  data-width=\"12\" data-bt-override-class=\"{}\"><div class=\"bt_bb_column_content\"><\/div><\/div><\/div><\/div><\/div><!-- cell_inner --><\/div><!-- cell --><\/div><!-- port --><\/section><\/p>\n","protected":false},"excerpt":{"rendered":"<p>Collaboratively administrate empowered markets via plug-and-play networks. Dynamically procrastinate B2C users after installed base benefits. Dramatically visualize customer directed convergence without revolutionary ROI.<\/p>\n","protected":false},"author":1,"featured_media":3942,"parent":0,"menu_order":0,"comment_status":"closed","ping_status":"closed","template":"","meta":{"inline_featured_image":false,"footnotes":""},"class_list":["post-4882","page","type-page","status-publish","has-post-thumbnail","hentry"],"yoast_head":"<!-- This site is optimized with the Yoast SEO plugin v25.2 - https:\/\/yoast.com\/wordpress\/plugins\/seo\/ -->\n<title>Emprendimiento \u2713 Costa Blanca \u2713 Paquetes de Asesoramiento \u2713<\/title>\n<meta name=\"description\" content=\"Descubra nuestros paquetes de asesoramiento a medida para expatriados y emprendedores en la Costa Blanca ..\" \/>\n<meta name=\"robots\" content=\"index, follow, max-snippet:-1, max-image-preview:large, max-video-preview:-1\" \/>\n<link rel=\"canonical\" href=\"https:\/\/www.spainworkers.com\/es\/paquetes-de-asesoramiento-y-creacion-de-empresas\/\" \/>\n<meta property=\"og:locale\" content=\"es_ES\" \/>\n<meta property=\"og:type\" content=\"article\" \/>\n<meta property=\"og:title\" content=\"Emprendimiento \u2713 Costa Blanca \u2713 Paquetes de Asesoramiento \u2713\" \/>\n<meta property=\"og:description\" content=\"Descubra nuestros paquetes de asesoramiento a medida para expatriados y emprendedores en la Costa Blanca ..\" \/>\n<meta property=\"og:url\" content=\"https:\/\/www.spainworkers.com\/es\/paquetes-de-asesoramiento-y-creacion-de-empresas\/\" \/>\n<meta property=\"og:site_name\" content=\"spanieninvest\" \/>\n<meta property=\"article:modified_time\" content=\"2023-10-06T05:13:57+00:00\" \/>\n<meta property=\"og:image\" content=\"https:\/\/www.spainworkers.com\/wp-content\/uploads\/2023\/09\/ablauf5.jpg\" \/>\n\t<meta property=\"og:image:width\" content=\"1600\" \/>\n\t<meta property=\"og:image:height\" content=\"686\" \/>\n\t<meta property=\"og:image:type\" content=\"image\/jpeg\" \/>\n<meta name=\"twitter:card\" content=\"summary_large_image\" \/>\n<meta name=\"twitter:label1\" content=\"Tiempo de lectura\" \/>\n\t<meta name=\"twitter:data1\" content=\"5 minutos\" \/>\n<script type=\"application\/ld+json\" class=\"yoast-schema-graph\">{\"@context\":\"https:\/\/schema.org\",\"@graph\":[{\"@type\":\"WebPage\",\"@id\":\"https:\/\/www.spainworkers.com\/es\/paquetes-de-asesoramiento-y-creacion-de-empresas\/\",\"url\":\"https:\/\/www.spainworkers.com\/es\/paquetes-de-asesoramiento-y-creacion-de-empresas\/\",\"name\":\"Emprendimiento \u2713 Costa Blanca \u2713 Paquetes de Asesoramiento \u2713\",\"isPartOf\":{\"@id\":\"https:\/\/www.spainworkers.com\/#website\"},\"primaryImageOfPage\":{\"@id\":\"https:\/\/www.spainworkers.com\/es\/paquetes-de-asesoramiento-y-creacion-de-empresas\/#primaryimage\"},\"image\":{\"@id\":\"https:\/\/www.spainworkers.com\/es\/paquetes-de-asesoramiento-y-creacion-de-empresas\/#primaryimage\"},\"thumbnailUrl\":\"https:\/\/www.spainworkers.com\/wp-content\/uploads\/2023\/09\/ablauf5.jpg\",\"datePublished\":\"2023-09-21T16:17:35+00:00\",\"dateModified\":\"2023-10-06T05:13:57+00:00\",\"description\":\"Descubra nuestros paquetes de asesoramiento a medida para expatriados y emprendedores en la Costa Blanca ..\",\"breadcrumb\":{\"@id\":\"https:\/\/www.spainworkers.com\/es\/paquetes-de-asesoramiento-y-creacion-de-empresas\/#breadcrumb\"},\"inLanguage\":\"es\",\"potentialAction\":[{\"@type\":\"ReadAction\",\"target\":[\"https:\/\/www.spainworkers.com\/es\/paquetes-de-asesoramiento-y-creacion-de-empresas\/\"]}]},{\"@type\":\"ImageObject\",\"inLanguage\":\"es\",\"@id\":\"https:\/\/www.spainworkers.com\/es\/paquetes-de-asesoramiento-y-creacion-de-empresas\/#primaryimage\",\"url\":\"https:\/\/www.spainworkers.com\/wp-content\/uploads\/2023\/09\/ablauf5.jpg\",\"contentUrl\":\"https:\/\/www.spainworkers.com\/wp-content\/uploads\/2023\/09\/ablauf5.jpg\",\"width\":1600,\"height\":686,\"caption\":\"Confidence male broker talking, consulting, giving instructions, explaining terms of contract to business partners at meeting\"},{\"@type\":\"BreadcrumbList\",\"@id\":\"https:\/\/www.spainworkers.com\/es\/paquetes-de-asesoramiento-y-creacion-de-empresas\/#breadcrumb\",\"itemListElement\":[{\"@type\":\"ListItem\",\"position\":1,\"name\":\"Startseite\",\"item\":\"https:\/\/www.spainworkers.com\/es\/\"},{\"@type\":\"ListItem\",\"position\":2,\"name\":\"Paquetes de Asesoramiento y Creaci\u00f3n de Empresas\"}]},{\"@type\":\"WebSite\",\"@id\":\"https:\/\/www.spainworkers.com\/#website\",\"url\":\"https:\/\/www.spainworkers.com\/\",\"name\":\"spanieninvest\",\"description\":\"\",\"potentialAction\":[{\"@type\":\"SearchAction\",\"target\":{\"@type\":\"EntryPoint\",\"urlTemplate\":\"https:\/\/www.spainworkers.com\/?s={search_term_string}\"},\"query-input\":{\"@type\":\"PropertyValueSpecification\",\"valueRequired\":true,\"valueName\":\"search_term_string\"}}],\"inLanguage\":\"es\"}]}<\/script>\n<!-- \/ Yoast SEO plugin. -->","yoast_head_json":{"title":"Emprendimiento \u2713 Costa Blanca \u2713 Paquetes de Asesoramiento \u2713","description":"Descubra nuestros paquetes de asesoramiento a medida para expatriados y emprendedores en la Costa Blanca ..","robots":{"index":"index","follow":"follow","max-snippet":"max-snippet:-1","max-image-preview":"max-image-preview:large","max-video-preview":"max-video-preview:-1"},"canonical":"https:\/\/www.spainworkers.com\/es\/paquetes-de-asesoramiento-y-creacion-de-empresas\/","og_locale":"es_ES","og_type":"article","og_title":"Emprendimiento \u2713 Costa Blanca \u2713 Paquetes de Asesoramiento \u2713","og_description":"Descubra nuestros paquetes de asesoramiento a medida para expatriados y emprendedores en la Costa Blanca ..","og_url":"https:\/\/www.spainworkers.com\/es\/paquetes-de-asesoramiento-y-creacion-de-empresas\/","og_site_name":"spanieninvest","article_modified_time":"2023-10-06T05:13:57+00:00","og_image":[{"width":1600,"height":686,"url":"https:\/\/www.spainworkers.com\/wp-content\/uploads\/2023\/09\/ablauf5.jpg","type":"image\/jpeg"}],"twitter_card":"summary_large_image","twitter_misc":{"Tiempo de lectura":"5 minutos"},"schema":{"@context":"https:\/\/schema.org","@graph":[{"@type":"WebPage","@id":"https:\/\/www.spainworkers.com\/es\/paquetes-de-asesoramiento-y-creacion-de-empresas\/","url":"https:\/\/www.spainworkers.com\/es\/paquetes-de-asesoramiento-y-creacion-de-empresas\/","name":"Emprendimiento \u2713 Costa Blanca \u2713 Paquetes de Asesoramiento \u2713","isPartOf":{"@id":"https:\/\/www.spainworkers.com\/#website"},"primaryImageOfPage":{"@id":"https:\/\/www.spainworkers.com\/es\/paquetes-de-asesoramiento-y-creacion-de-empresas\/#primaryimage"},"image":{"@id":"https:\/\/www.spainworkers.com\/es\/paquetes-de-asesoramiento-y-creacion-de-empresas\/#primaryimage"},"thumbnailUrl":"https:\/\/www.spainworkers.com\/wp-content\/uploads\/2023\/09\/ablauf5.jpg","datePublished":"2023-09-21T16:17:35+00:00","dateModified":"2023-10-06T05:13:57+00:00","description":"Descubra nuestros paquetes de asesoramiento a medida para expatriados y emprendedores en la Costa Blanca ..","breadcrumb":{"@id":"https:\/\/www.spainworkers.com\/es\/paquetes-de-asesoramiento-y-creacion-de-empresas\/#breadcrumb"},"inLanguage":"es","potentialAction":[{"@type":"ReadAction","target":["https:\/\/www.spainworkers.com\/es\/paquetes-de-asesoramiento-y-creacion-de-empresas\/"]}]},{"@type":"ImageObject","inLanguage":"es","@id":"https:\/\/www.spainworkers.com\/es\/paquetes-de-asesoramiento-y-creacion-de-empresas\/#primaryimage","url":"https:\/\/www.spainworkers.com\/wp-content\/uploads\/2023\/09\/ablauf5.jpg","contentUrl":"https:\/\/www.spainworkers.com\/wp-content\/uploads\/2023\/09\/ablauf5.jpg","width":1600,"height":686,"caption":"Confidence male broker talking, consulting, giving instructions, explaining terms of contract to business partners at meeting"},{"@type":"BreadcrumbList","@id":"https:\/\/www.spainworkers.com\/es\/paquetes-de-asesoramiento-y-creacion-de-empresas\/#breadcrumb","itemListElement":[{"@type":"ListItem","position":1,"name":"Startseite","item":"https:\/\/www.spainworkers.com\/es\/"},{"@type":"ListItem","position":2,"name":"Paquetes de Asesoramiento y Creaci\u00f3n de Empresas"}]},{"@type":"WebSite","@id":"https:\/\/www.spainworkers.com\/#website","url":"https:\/\/www.spainworkers.com\/","name":"spanieninvest","description":"","potentialAction":[{"@type":"SearchAction","target":{"@type":"EntryPoint","urlTemplate":"https:\/\/www.spainworkers.com\/?s={search_term_string}"},"query-input":{"@type":"PropertyValueSpecification","valueRequired":true,"valueName":"search_term_string"}}],"inLanguage":"es"}]}},"_links":{"self":[{"href":"https:\/\/www.spainworkers.com\/es\/wp-json\/wp\/v2\/pages\/4882","targetHints":{"allow":["GET"]}}],"collection":[{"href":"https:\/\/www.spainworkers.com\/es\/wp-json\/wp\/v2\/pages"}],"about":[{"href":"https:\/\/www.spainworkers.com\/es\/wp-json\/wp\/v2\/types\/page"}],"author":[{"embeddable":true,"href":"https:\/\/www.spainworkers.com\/es\/wp-json\/wp\/v2\/users\/1"}],"replies":[{"embeddable":true,"href":"https:\/\/www.spainworkers.com\/es\/wp-json\/wp\/v2\/comments?post=4882"}],"version-history":[{"count":3,"href":"https:\/\/www.spainworkers.com\/es\/wp-json\/wp\/v2\/pages\/4882\/revisions"}],"predecessor-version":[{"id":4888,"href":"https:\/\/www.spainworkers.com\/es\/wp-json\/wp\/v2\/pages\/4882\/revisions\/4888"}],"wp:featuredmedia":[{"embeddable":true,"href":"https:\/\/www.spainworkers.com\/es\/wp-json\/wp\/v2\/media\/3942"}],"wp:attachment":[{"href":"https:\/\/www.spainworkers.com\/es\/wp-json\/wp\/v2\/media?parent=4882"}],"curies":[{"name":"wp","href":"https:\/\/api.w.org\/{rel}","templated":true}]}}